{"id":47,"date":"2023-06-22T16:48:53","date_gmt":"2023-06-22T14:48:53","guid":{"rendered":"https:\/\/gwadabulles.com\/?page_id=47"},"modified":"2026-01-29T16:05:29","modified_gmt":"2026-01-29T15:05:29","slug":"formulaire-dinscription","status":"publish","type":"page","link":"https:\/\/gwadabulles.com\/index.php\/formulaire-dinscription\/","title":{"rendered":"Formulaire d&rsquo;inscription"},"content":{"rendered":"\n<p>Les formulaires d&rsquo;inscriptions pour la saison 2025&nbsp; sont disponibles.<\/p>\n\n\n\n<p>Formulaire \u00e0 t\u00e9l\u00e9charger&nbsp;et \u00e0 remplir et \u00e0 renvoyer<strong> <\/strong><strong>&#8212;-&gt;<\/strong><\/p>\n\n\n\n<div data-wp-interactive=\"core\/file\" class=\"wp-block-file\"><object data-wp-bind--hidden=\"!state.hasPdfPreview\" hidden class=\"wp-block-file__embed\" data=\"https:\/\/gwadabulles.com\/wp-content\/uploads\/2026\/01\/inscription-gwada-bulles-2026.pdf\" type=\"application\/pdf\" style=\"width:100%;height:600px\" aria-label=\"Contenu embarqu\u00e9 inscription gwada bulles 2026.\"><\/object><a id=\"wp-block-file--media-ceacac36-fe6c-4883-8a45-495d7a3b6bfa\" href=\"https:\/\/gwadabulles.com\/wp-content\/uploads\/2026\/01\/inscription-gwada-bulles-2026.pdf\">inscription gwada bulles 2026<\/a><a href=\"https:\/\/gwadabulles.com\/wp-content\/uploads\/2026\/01\/inscription-gwada-bulles-2026.pdf\" class=\"wp-block-file__button wp-element-button\" download aria-describedby=\"wp-block-file--media-ceacac36-fe6c-4883-8a45-495d7a3b6bfa\">T\u00e9l\u00e9charger<\/a><\/div>\n\n\n\n<p><\/p>\n\n\n\n<p><\/p>\n\n\n\n<div data-wp-interactive=\"core\/file\" class=\"wp-block-file\"><object data-wp-bind--hidden=\"!state.hasPdfPreview\" hidden class=\"wp-block-file__embed\" data=\"https:\/\/gwadabulles.com\/wp-content\/uploads\/2024\/12\/questionnaire_sante_mineur_cle4d1a11.pdf\" type=\"application\/pdf\" style=\"width:100%;height:600px\" aria-label=\"Contenu embarqu\u00e9 questionnaire_sante_mineur_cle4d1a11.\"><\/object><a id=\"wp-block-file--media-ed89cf7a-aa50-4b62-b8f7-a1d30e89cbc4\" href=\"https:\/\/gwadabulles.com\/wp-content\/uploads\/2024\/12\/questionnaire_sante_mineur_cle4d1a11.pdf\">questionnaire_sante_mineur_cle4d1a11<\/a><a href=\"https:\/\/gwadabulles.com\/wp-content\/uploads\/2024\/12\/questionnaire_sante_mineur_cle4d1a11.pdf\" class=\"wp-block-file__button wp-element-button\" download aria-describedby=\"wp-block-file--media-ed89cf7a-aa50-4b62-b8f7-a1d30e89cbc4\">T\u00e9l\u00e9charger<\/a><\/div>\n\n\n\n<p><\/p>\n\n\n\n<p><\/p>\n\n\n\n<div data-wp-interactive=\"core\/file\" class=\"wp-block-file\"><object data-wp-bind--hidden=\"!state.hasPdfPreview\" hidden class=\"wp-block-file__embed\" data=\"https:\/\/gwadabulles.com\/wp-content\/uploads\/2024\/12\/attestation_de_reponses_negatives_au_qss_cle03e3cc-1.pdf\" type=\"application\/pdf\" style=\"width:100%;height:600px\" aria-label=\"Contenu embarqu\u00e9 attestation_de_reponses_negatives_au_qss_cle03e3cc-1.\"><\/object><a id=\"wp-block-file--media-9336dcbb-11a9-4ea4-89b1-8643be36472b\" href=\"https:\/\/gwadabulles.com\/wp-content\/uploads\/2024\/12\/attestation_de_reponses_negatives_au_qss_cle03e3cc-1.pdf\">attestation_de_reponses_negatives_au_qss_cle03e3cc-1<\/a><a href=\"https:\/\/gwadabulles.com\/wp-content\/uploads\/2024\/12\/attestation_de_reponses_negatives_au_qss_cle03e3cc-1.pdf\" class=\"wp-block-file__button wp-element-button\" download aria-describedby=\"wp-block-file--media-9336dcbb-11a9-4ea4-89b1-8643be36472b\">T\u00e9l\u00e9charger<\/a><\/div>\n\n\n\n<p><\/p>\n\n\n\n<div data-wp-interactive=\"core\/file\" class=\"wp-block-file\"><object data-wp-bind--hidden=\"!state.hasPdfPreview\" hidden class=\"wp-block-file__embed\" data=\"https:\/\/gwadabulles.com\/wp-content\/uploads\/2024\/12\/autorisation_parentale-1_cle8d71bb-2.pdf\" type=\"application\/pdf\" style=\"width:100%;height:600px\" aria-label=\"Contenu embarqu\u00e9 autorisation_parentale-1_cle8d71bb-2.\"><\/object><a id=\"wp-block-file--media-811913b3-de96-4cef-9186-5936f6ff5ab0\" href=\"https:\/\/gwadabulles.com\/wp-content\/uploads\/2024\/12\/autorisation_parentale-1_cle8d71bb-2.pdf\">autorisation_parentale-1_cle8d71bb-2<\/a><a href=\"https:\/\/gwadabulles.com\/wp-content\/uploads\/2024\/12\/autorisation_parentale-1_cle8d71bb-2.pdf\" class=\"wp-block-file__button wp-element-button\" download aria-describedby=\"wp-block-file--media-811913b3-de96-4cef-9186-5936f6ff5ab0\">T\u00e9l\u00e9charger<\/a><\/div>\n\n\n\n<p><\/p>\n\n\n\n<p><\/p>\n\n\n\n<div data-wp-interactive=\"core\/file\" class=\"wp-block-file\"><object data-wp-bind--hidden=\"!state.hasPdfPreview\" hidden class=\"wp-block-file__embed\" data=\"https:\/\/gwadabulles.com\/wp-content\/uploads\/2024\/12\/modele_caci_cle494191-5.pdf\" type=\"application\/pdf\" style=\"width:100%;height:600px\" aria-label=\"Contenu embarqu\u00e9 modele_caci_cle494191-5.\"><\/object><a id=\"wp-block-file--media-85cf63b6-4628-4538-a761-50b6f0ece26b\" href=\"https:\/\/gwadabulles.com\/wp-content\/uploads\/2024\/12\/modele_caci_cle494191-5.pdf\">modele_caci_cle494191-5<\/a><a href=\"https:\/\/gwadabulles.com\/wp-content\/uploads\/2024\/12\/modele_caci_cle494191-5.pdf\" class=\"wp-block-file__button wp-element-button\" download aria-describedby=\"wp-block-file--media-85cf63b6-4628-4538-a761-50b6f0ece26b\">T\u00e9l\u00e9charger<\/a><\/div>\n\n\n\n<p><\/p>\n\n\n\n<p>Vous pouvez renvoyer le formulaire, le certificat M\u00e9dical, la photocopie de votre niveau de plong\u00e9e, la photocopie de votre licence ( si vous en avez une) et le r\u00e8glement \u00e0 l&rsquo;adresse suivante :<\/p>\n\n\n\n<p>Gwadabulles&nbsp;<\/p>\n\n\n\n<p>211 Chemin de Tarare&nbsp;<\/p>\n\n\n\n<p>97119 Vieux-habitants<\/p>\n\n\n\n<p>Ou le renvoy\u00e9 par E-mail : <a href=\"gwadabulles971@gmail.com\" data-type=\"URL\" data-id=\"contact@gwadabulles.com\">gwadabulles971@gmail.com<\/a><\/p>\n\n\n\n<figure class=\"wp-block-image aligncenter size-large is-resized\"><img loading=\"lazy\" decoding=\"async\" width=\"1024\" height=\"717\" src=\"https:\/\/gwadabulles.com\/wp-content\/uploads\/2023\/06\/logo-fini-contact-1024x717.png\" alt=\"\" class=\"wp-image-162\" srcset=\"https:\/\/gwadabulles.com\/wp-content\/uploads\/2023\/06\/logo-fini-contact-1024x717.png 1024w, https:\/\/gwadabulles.com\/wp-content\/uploads\/2023\/06\/logo-fini-contact-300x210.png 300w, https:\/\/gwadabulles.com\/wp-content\/uploads\/2023\/06\/logo-fini-contact-768x538.png 768w, https:\/\/gwadabulles.com\/wp-content\/uploads\/2023\/06\/logo-fini-contact-1536x1075.png 1536w, https:\/\/gwadabulles.com\/wp-content\/uploads\/2023\/06\/logo-fini-contact-2048x1434.png 2048w\" sizes=\"auto, (max-width: 1024px) 100vw, 1024px\" \/><\/figure>\n","protected":false},"excerpt":{"rendered":"<p>Les formulaires d&rsquo;inscriptions pour la saison 2025&nbsp; sont disponibles. Formulaire \u00e0 t\u00e9l\u00e9charger&nbsp;et \u00e0 remplir et \u00e0 renvoyer &#8212;-&gt; Vous pouvez renvoyer le formulaire, le certificat M\u00e9dical, la photocopie de votre niveau de plong\u00e9e, la photocopie de votre licence ( si vous en avez une) et le r\u00e8glement \u00e0 l&rsquo;adresse suivante : Gwadabulles&nbsp; 211 Chemin de [&hellip;]<\/p>\n","protected":false},"author":1,"featured_media":0,"parent":0,"menu_order":0,"comment_status":"closed","ping_status":"closed","template":"","meta":{"footnotes":""},"class_list":["post-47","page","type-page","status-publish","hentry"],"_links":{"self":[{"href":"https:\/\/gwadabulles.com\/index.php\/wp-json\/wp\/v2\/pages\/47","targetHints":{"allow":["GET"]}}],"collection":[{"href":"https:\/\/gwadabulles.com\/index.php\/wp-json\/wp\/v2\/pages"}],"about":[{"href":"https:\/\/gwadabulles.com\/index.php\/wp-json\/wp\/v2\/types\/page"}],"author":[{"embeddable":true,"href":"https:\/\/gwadabulles.com\/index.php\/wp-json\/wp\/v2\/users\/1"}],"replies":[{"embeddable":true,"href":"https:\/\/gwadabulles.com\/index.php\/wp-json\/wp\/v2\/comments?post=47"}],"version-history":[{"count":20,"href":"https:\/\/gwadabulles.com\/index.php\/wp-json\/wp\/v2\/pages\/47\/revisions"}],"predecessor-version":[{"id":339,"href":"https:\/\/gwadabulles.com\/index.php\/wp-json\/wp\/v2\/pages\/47\/revisions\/339"}],"wp:attachment":[{"href":"https:\/\/gwadabulles.com\/index.php\/wp-json\/wp\/v2\/media?parent=47"}],"curies":[{"name":"wp","href":"https:\/\/api.w.org\/{rel}","templated":true}]}}