{"id":55,"date":"2023-06-22T16:56:28","date_gmt":"2023-06-22T14:56:28","guid":{"rendered":"https:\/\/gwadabulles.com\/?page_id=55"},"modified":"2025-01-27T19:04:17","modified_gmt":"2025-01-27T18:04:17","slug":"nos-partenaires","status":"publish","type":"page","link":"https:\/\/gwadabulles.com\/index.php\/nos-partenaires\/","title":{"rendered":"Nos Partenaires Plong\u00e9e et H\u00e9bergements"},"content":{"rendered":"<div class=\"aligncenter wp-block-site-logo\"><a href=\"https:\/\/gwadabulles.com\/\" class=\"custom-logo-link\" rel=\"home\"><img loading=\"lazy\" decoding=\"async\" width=\"181\" height=\"175\" src=\"https:\/\/gwadabulles.com\/wp-content\/uploads\/2024\/01\/carte-visite-1.png\" class=\"custom-logo\" alt=\"Gwadabulles\" srcset=\"https:\/\/gwadabulles.com\/wp-content\/uploads\/2024\/01\/carte-visite-1.png 640w, https:\/\/gwadabulles.com\/wp-content\/uploads\/2024\/01\/carte-visite-1-300x291.png 300w\" sizes=\"auto, (max-width: 181px) 100vw, 181px\" \/><\/a><\/div>\n\n\n<p><strong>Clubs de Plong\u00e9es Partenaires&nbsp;<\/strong><\/p>\n\n\n\n<div class=\"wp-block-columns is-layout-flex wp-container-core-columns-is-layout-28f84493 wp-block-columns-is-layout-flex\">\n<div class=\"wp-block-column is-layout-flow wp-block-column-is-layout-flow\">\n<figure class=\"wp-block-image aligncenter size-full\"><a href=\"https:\/\/www.facebook.com\/antennaireplongee971\/?locale=fr_FR\"><img loading=\"lazy\" decoding=\"async\" width=\"480\" height=\"477\" src=\"https:\/\/gwadabulles.com\/wp-content\/uploads\/2023\/06\/332313411_5994548630661371_144192575591136999_n.jpg\" alt=\"\" class=\"wp-image-94\" srcset=\"https:\/\/gwadabulles.com\/wp-content\/uploads\/2023\/06\/332313411_5994548630661371_144192575591136999_n.jpg 480w, https:\/\/gwadabulles.com\/wp-content\/uploads\/2023\/06\/332313411_5994548630661371_144192575591136999_n-300x298.jpg 300w, https:\/\/gwadabulles.com\/wp-content\/uploads\/2023\/06\/332313411_5994548630661371_144192575591136999_n-150x150.jpg 150w\" sizes=\"auto, (max-width: 480px) 100vw, 480px\" \/><\/a><figcaption class=\"wp-element-caption\"><strong><a href=\"https:\/\/www.facebook.com\/antennaireplongee971\/?locale=fr_FR\">ANTENAIRE PLONG\u00c9E DESHAIES<\/a><\/strong><\/figcaption><\/figure>\n<\/div>\n\n\n\n<div class=\"wp-block-column is-layout-flow wp-block-column-is-layout-flow\">\n<figure class=\"wp-block-image size-large\"><a href=\"https:\/\/www.heures-saines.gp\"><img loading=\"lazy\" decoding=\"async\" width=\"1024\" height=\"768\" src=\"https:\/\/gwadabulles.com\/wp-content\/uploads\/2023\/06\/340269348_1256432828644997_8472849461396057943_n-1024x768.jpg\" alt=\"\" class=\"wp-image-96\" srcset=\"https:\/\/gwadabulles.com\/wp-content\/uploads\/2023\/06\/340269348_1256432828644997_8472849461396057943_n-1024x768.jpg 1024w, https:\/\/gwadabulles.com\/wp-content\/uploads\/2023\/06\/340269348_1256432828644997_8472849461396057943_n-300x225.jpg 300w, https:\/\/gwadabulles.com\/wp-content\/uploads\/2023\/06\/340269348_1256432828644997_8472849461396057943_n-768x576.jpg 768w, https:\/\/gwadabulles.com\/wp-content\/uploads\/2023\/06\/340269348_1256432828644997_8472849461396057943_n-1536x1151.jpg 1536w, https:\/\/gwadabulles.com\/wp-content\/uploads\/2023\/06\/340269348_1256432828644997_8472849461396057943_n.jpg 2048w\" sizes=\"auto, (max-width: 1024px) 100vw, 1024px\" \/><\/a><figcaption class=\"wp-element-caption\"><strong><a rel=\"noreferrer noopener\" href=\"https:\/\/www.heures-saines.gp\" target=\"_blank\">LES HEURES SAINES<\/a><\/strong><\/figcaption><\/figure>\n\n\n\n<p><\/p>\n<\/div>\n<\/div>\n\n\n\n<div class=\"wp-block-group has-global-padding is-layout-constrained wp-block-group-is-layout-constrained\">\n<figure class=\"wp-block-image size-full\"><img loading=\"lazy\" decoding=\"async\" width=\"828\" height=\"499\" src=\"https:\/\/gwadabulles.com\/wp-content\/uploads\/2024\/02\/IMG_9707.jpeg\" alt=\"\" class=\"wp-image-300\" srcset=\"https:\/\/gwadabulles.com\/wp-content\/uploads\/2024\/02\/IMG_9707.jpeg 828w, https:\/\/gwadabulles.com\/wp-content\/uploads\/2024\/02\/IMG_9707-300x181.jpeg 300w, https:\/\/gwadabulles.com\/wp-content\/uploads\/2024\/02\/IMG_9707-768x463.jpeg 768w\" sizes=\"auto, (max-width: 828px) 100vw, 828px\" \/><figcaption class=\"wp-element-caption\">   <strong>Pour plonger  a la r\u00e9serve Cousteau nous demander<\/strong> <\/figcaption><\/figure>\n\n\n\n<figure class=\"wp-block-image aligncenter size-full\"><img loading=\"lazy\" decoding=\"async\" width=\"200\" height=\"114\" src=\"https:\/\/gwadabulles.com\/wp-content\/uploads\/2024\/02\/CENTRE-DE.jpg\" alt=\"\" class=\"wp-image-299\"\/><\/figure>\n<\/div>\n\n\n\n<p><\/p>\n\n\n\n<p><\/p>\n\n\n\n<p><strong>Hebergements : Chambres d&rsquo;h\u00f4tes , Studio , appartements<\/strong><\/p>\n\n\n\n<p>3 Studios Malacca , Malanga et Majacudja \u00e0 DESHAIES<\/p>\n\n\n\n<p>sur <a href=\"https:\/\/www.booking.com\/hotel\/gp\/studio-malacca-o-coeur-de-deshaies.fr.html?aid=318615&amp;label=New_French_FR_GP%20MQ_26395327465-uJK9samIPZNFyLAIFkpaYwS640938614051%3Apl%3Ata%3Ap1%3Ap2%3Aac%3Aap%3Aneg%3Afi%3Atidsa-194579217145%3Alp9070394%3Ali%3Adec%3Adm%3Aag26395327465%3Acmp392778865&amp;sid=ca0f0fc63529d4268ababbb852d01a22&amp;all_sr_blocks=588421802_406567326_2_0_0&amp;checkin=2025-05-12&amp;checkout=2025-05-19&amp;dest_id=-1202736&amp;dest_type=city&amp;dist=0&amp;group_adults=2&amp;group_children=0&amp;hapos=1&amp;highlighted_blocks=588421802_406567326_2_0_0&amp;hpos=1&amp;matching_block_id=588421802_406567326_2_0_0&amp;no_rooms=1&amp;req_adults=2&amp;req_children=0&amp;room1=A%2CA&amp;sb_price_type=total&amp;sr_order=popularity&amp;sr_pri_blocks=588421802_406567326_2_0_0__52500&amp;srepoch=1738000876&amp;srpvid=53ad7eb1e98f05bb&amp;type=total&amp;ucfs=1&amp;\" data-type=\"link\" data-id=\"https:\/\/www.booking.com\/hotel\/gp\/studio-malacca-o-coeur-de-deshaies.fr.html?aid=318615&amp;label=New_French_FR_GP%20MQ_26395327465-uJK9samIPZNFyLAIFkpaYwS640938614051%3Apl%3Ata%3Ap1%3Ap2%3Aac%3Aap%3Aneg%3Afi%3Atidsa-194579217145%3Alp9070394%3Ali%3Adec%3Adm%3Aag26395327465%3Acmp392778865&amp;sid=ca0f0fc63529d4268ababbb852d01a22&amp;all_sr_blocks=588421802_406567326_2_0_0&amp;checkin=2025-05-12&amp;checkout=2025-05-19&amp;dest_id=-1202736&amp;dest_type=city&amp;dist=0&amp;group_adults=2&amp;group_children=0&amp;hapos=1&amp;highlighted_blocks=588421802_406567326_2_0_0&amp;hpos=1&amp;matching_block_id=588421802_406567326_2_0_0&amp;no_rooms=1&amp;req_adults=2&amp;req_children=0&amp;room1=A%2CA&amp;sb_price_type=total&amp;sr_order=popularity&amp;sr_pri_blocks=588421802_406567326_2_0_0__52500&amp;srepoch=1738000876&amp;srpvid=53ad7eb1e98f05bb&amp;type=total&amp;ucfs=1&amp;\">Booking<\/a> pour les photos ou directement par les propri\u00e9taires TEL: 09 76 02 06 23 <\/p>\n\n\n\n<p>Email : lesalizesmaya@orange.fr<\/p>\n\n\n\n<figure class=\"wp-block-image size-full\"><img loading=\"lazy\" decoding=\"async\" width=\"810\" height=\"908\" src=\"https:\/\/gwadabulles.com\/wp-content\/uploads\/2025\/01\/Capture-decran-2025-01-27-a-13.56.07.png\" alt=\"\" class=\"wp-image-334\" srcset=\"https:\/\/gwadabulles.com\/wp-content\/uploads\/2025\/01\/Capture-decran-2025-01-27-a-13.56.07.png 810w, https:\/\/gwadabulles.com\/wp-content\/uploads\/2025\/01\/Capture-decran-2025-01-27-a-13.56.07-268x300.png 268w, https:\/\/gwadabulles.com\/wp-content\/uploads\/2025\/01\/Capture-decran-2025-01-27-a-13.56.07-768x861.png 768w\" sizes=\"auto, (max-width: 810px) 100vw, 810px\" \/><\/figure>\n\n\n\n<p><strong><a href=\"https:\/\/www.trihautdebellevue.com\/?fbclid=IwAR1N3VvPznJbmWZesyNf7snfeXluNfzobTtAMzimE-D6RA_QnLLDr84not0\" target=\"_blank\" rel=\"noreferrer noopener\">Tri de haut Bellevue Pointe Noire<\/a><\/strong><\/p>\n\n\n\n<p>3 Bungalows avec piscine , <\/p>\n\n\n\n<figure class=\"wp-block-image size-large is-resized\"><a href=\"https:\/\/www.trihautdebellevue.com\/?fbclid=IwAR1N3VvPznJbmWZesyNf7snfeXluNfzobTtAMzimE-D6RA_QnLLDr84not0\"><img loading=\"lazy\" decoding=\"async\" width=\"1024\" height=\"683\" src=\"https:\/\/gwadabulles.com\/wp-content\/uploads\/2023\/08\/29342586_2140467196186022_3816843277387169792_n-1024x683.jpg\" alt=\"\" class=\"wp-image-223\" srcset=\"https:\/\/gwadabulles.com\/wp-content\/uploads\/2023\/08\/29342586_2140467196186022_3816843277387169792_n-1024x683.jpg 1024w, https:\/\/gwadabulles.com\/wp-content\/uploads\/2023\/08\/29342586_2140467196186022_3816843277387169792_n-300x200.jpg 300w, https:\/\/gwadabulles.com\/wp-content\/uploads\/2023\/08\/29342586_2140467196186022_3816843277387169792_n-768x512.jpg 768w, https:\/\/gwadabulles.com\/wp-content\/uploads\/2023\/08\/29342586_2140467196186022_3816843277387169792_n-1536x1024.jpg 1536w, https:\/\/gwadabulles.com\/wp-content\/uploads\/2023\/08\/29342586_2140467196186022_3816843277387169792_n.jpg 1920w\" sizes=\"auto, (max-width: 1024px) 100vw, 1024px\" \/><\/a><\/figure>\n\n\n\n<p><a href=\"https:\/\/fr.airbnb.ch\/rooms\/804324707136624424?source_impression_id=p3_1692574757_jz5XZp4PThKRntrV\"><strong>Sun Set Bay Deshaies<\/strong><\/a><\/p>\n\n\n\n<div class=\"wp-block-columns is-layout-flex wp-container-core-columns-is-layout-28f84493 wp-block-columns-is-layout-flex\">\n<div class=\"wp-block-column is-layout-flow wp-block-column-is-layout-flow\">\n<figure class=\"wp-block-image size-full\"><a href=\"https:\/\/www.airbnb.fr\/rooms\/41003027?adults=2&amp;children=0&amp;enable_m3_private_room=false&amp;infants=0&amp;pets=0&amp;check_in=2023-05-01&amp;check_out=2023-05-08&amp;federated_search_id=3c98f6a0-4486-4af5-a389-be017e8d49d0&amp;source_impression_id=p3_1682878271_1qDuPbu6aGAVhHFc&amp;modal=PHOTO_TOUR_SCROLLABLE\"><img loading=\"lazy\" decoding=\"async\" width=\"960\" height=\"640\" src=\"https:\/\/gwadabulles.com\/wp-content\/uploads\/2023\/06\/578336a8-28a9-4bce-a7ab-151b12a948c9.jpeg.webp\" alt=\"\" class=\"wp-image-98\" srcset=\"https:\/\/gwadabulles.com\/wp-content\/uploads\/2023\/06\/578336a8-28a9-4bce-a7ab-151b12a948c9.jpeg.webp 960w, https:\/\/gwadabulles.com\/wp-content\/uploads\/2023\/06\/578336a8-28a9-4bce-a7ab-151b12a948c9.jpeg-300x200.webp 300w, https:\/\/gwadabulles.com\/wp-content\/uploads\/2023\/06\/578336a8-28a9-4bce-a7ab-151b12a948c9.jpeg-768x512.webp 768w\" sizes=\"auto, (max-width: 960px) 100vw, 960px\" \/><\/a><\/figure>\n<\/div>\n\n\n\n<div class=\"wp-block-column is-layout-flow wp-block-column-is-layout-flow\"><\/div>\n\n\n\n<div class=\"wp-block-column is-layout-flow wp-block-column-is-layout-flow\">\n<figure class=\"wp-block-image size-full is-resized\"><a href=\"https:\/\/www.facebook.com\/villaacajou\"><img loading=\"lazy\" decoding=\"async\" width=\"640\" height=\"640\" src=\"https:\/\/gwadabulles.com\/wp-content\/uploads\/2023\/06\/acajou.jpg\" alt=\"\" class=\"wp-image-101\" srcset=\"https:\/\/gwadabulles.com\/wp-content\/uploads\/2023\/06\/acajou.jpg 640w, https:\/\/gwadabulles.com\/wp-content\/uploads\/2023\/06\/acajou-300x300.jpg 300w, https:\/\/gwadabulles.com\/wp-content\/uploads\/2023\/06\/acajou-150x150.jpg 150w\" sizes=\"auto, (max-width: 640px) 100vw, 640px\" \/><\/a><figcaption class=\"wp-element-caption\"><a href=\"https:\/\/www.facebook.com\/villaacajou\"><strong>Villa Acajou 2 \u00e0 16 <\/strong>pers<\/a><\/figcaption><\/figure>\n<\/div>\n<\/div>\n\n\n\n<p class=\"has-text-align-left\">  <strong>    <a href=\"https:\/\/www.facebook.com\/lakazavince971\">La Kaz \u00e0 Vince<\/a>   <\/strong>                                                                               <\/p>\n\n\n\n<div class=\"wp-block-columns is-layout-flex wp-container-core-columns-is-layout-28f84493 wp-block-columns-is-layout-flex\">\n<div class=\"wp-block-column is-layout-flow wp-block-column-is-layout-flow\">\n<figure class=\"wp-block-image size-large is-resized\"><a href=\"https:\/\/www.facebook.com\/lakazavince971\"><img loading=\"lazy\" decoding=\"async\" width=\"1024\" height=\"768\" src=\"https:\/\/gwadabulles.com\/wp-content\/uploads\/2023\/06\/vinc-1024x768.jpg\" alt=\"\" class=\"wp-image-100\" srcset=\"https:\/\/gwadabulles.com\/wp-content\/uploads\/2023\/06\/vinc-1024x768.jpg 1024w, https:\/\/gwadabulles.com\/wp-content\/uploads\/2023\/06\/vinc-300x225.jpg 300w, https:\/\/gwadabulles.com\/wp-content\/uploads\/2023\/06\/vinc-768x576.jpg 768w, https:\/\/gwadabulles.com\/wp-content\/uploads\/2023\/06\/vinc.jpg 1280w\" sizes=\"auto, (max-width: 1024px) 100vw, 1024px\" \/><\/a><\/figure>\n<\/div>\n\n\n\n<div class=\"wp-block-column is-layout-flow wp-block-column-is-layout-flow\">\n<figure class=\"wp-block-image size-large is-resized\"><a href=\"https:\/\/www.airbnb.fr\/rooms\/41003027?adults=2&amp;children=0&amp;enable_m3_private_room=false&amp;infants=0&amp;pets=0&amp;check_in=2023-05-01&amp;check_out=2023-05-08&amp;federated_search_id=3c98f6a0-4486-4af5-a389-be017e8d49d0&amp;source_impression_id=p3_1682878271_1qDuPbu6aGAVhHFc\"><img loading=\"lazy\" decoding=\"async\" width=\"1024\" height=\"768\" src=\"https:\/\/gwadabulles.com\/wp-content\/uploads\/2023\/06\/pat-1024x768.jpg\" alt=\"\" class=\"wp-image-102\" srcset=\"https:\/\/gwadabulles.com\/wp-content\/uploads\/2023\/06\/pat-1024x768.jpg 1024w, https:\/\/gwadabulles.com\/wp-content\/uploads\/2023\/06\/pat-300x225.jpg 300w, https:\/\/gwadabulles.com\/wp-content\/uploads\/2023\/06\/pat-768x576.jpg 768w, https:\/\/gwadabulles.com\/wp-content\/uploads\/2023\/06\/pat.jpg 1200w\" sizes=\"auto, (max-width: 1024px) 100vw, 1024px\" \/><\/a><figcaption class=\"wp-element-caption\"><strong><a href=\"https:\/\/www.airbnb.fr\/rooms\/41003027?adults=2&amp;children=0&amp;enable_m3_private_room=false&amp;infants=0&amp;pets=0&amp;check_in=2023-05-01&amp;check_out=2023-05-08&amp;federated_search_id=3c98f6a0-4486-4af5-a389-be017e8d49d0&amp;source_impression_id=p3_1682878271_1qDuPbu6aGAVhHFc\">Villa Gocho-Etchea<\/a>  <\/strong><\/figcaption><\/figure>\n<\/div>\n\n\n\n<div class=\"wp-block-column is-layout-flow wp-block-column-is-layout-flow\">\n<figure class=\"wp-block-image size-full is-resized\"><a href=\"http:\/\/www.gitesduborddemer.com\"><img loading=\"lazy\" decoding=\"async\" width=\"778\" height=\"478\" src=\"https:\/\/gwadabulles.com\/wp-content\/uploads\/2023\/06\/9030@2x.jpg\" alt=\"\" class=\"wp-image-103\" style=\"aspect-ratio:1.6319018404907975;width:223px;height:auto\" srcset=\"https:\/\/gwadabulles.com\/wp-content\/uploads\/2023\/06\/9030@2x.jpg 778w, https:\/\/gwadabulles.com\/wp-content\/uploads\/2023\/06\/9030@2x-300x184.jpg 300w, https:\/\/gwadabulles.com\/wp-content\/uploads\/2023\/06\/9030@2x-768x472.jpg 768w\" sizes=\"auto, (max-width: 778px) 100vw, 778px\" \/><\/a><figcaption class=\"wp-element-caption\"><strong><a href=\"http:\/\/www.gitesduborddemer.com\">Gites du bord de Mer <\/a><\/strong><\/figcaption><\/figure>\n<\/div>\n<\/div>\n\n\n\n<p class=\"has-text-align-right\"><\/p>\n","protected":false},"excerpt":{"rendered":"<p>Clubs de Plong\u00e9es Partenaires&nbsp; Hebergements : Chambres d&rsquo;h\u00f4tes , Studio , appartements 3 Studios Malacca , Malanga et Majacudja \u00e0 DESHAIES sur Booking pour les photos ou directement par les propri\u00e9taires TEL: 09 76 02 06 23 Email : lesalizesmaya@orange.fr Tri de haut Bellevue Pointe Noire 3 Bungalows avec piscine , Sun Set Bay Deshaies [&hellip;]<\/p>\n","protected":false},"author":1,"featured_media":0,"parent":0,"menu_order":0,"comment_status":"closed","ping_status":"closed","template":"","meta":{"footnotes":""},"class_list":["post-55","page","type-page","status-publish","hentry"],"_links":{"self":[{"href":"https:\/\/gwadabulles.com\/index.php\/wp-json\/wp\/v2\/pages\/55","targetHints":{"allow":["GET"]}}],"collection":[{"href":"https:\/\/gwadabulles.com\/index.php\/wp-json\/wp\/v2\/pages"}],"about":[{"href":"https:\/\/gwadabulles.com\/index.php\/wp-json\/wp\/v2\/types\/page"}],"author":[{"embeddable":true,"href":"https:\/\/gwadabulles.com\/index.php\/wp-json\/wp\/v2\/users\/1"}],"replies":[{"embeddable":true,"href":"https:\/\/gwadabulles.com\/index.php\/wp-json\/wp\/v2\/comments?post=55"}],"version-history":[{"count":21,"href":"https:\/\/gwadabulles.com\/index.php\/wp-json\/wp\/v2\/pages\/55\/revisions"}],"predecessor-version":[{"id":335,"href":"https:\/\/gwadabulles.com\/index.php\/wp-json\/wp\/v2\/pages\/55\/revisions\/335"}],"wp:attachment":[{"href":"https:\/\/gwadabulles.com\/index.php\/wp-json\/wp\/v2\/media?parent=55"}],"curies":[{"name":"wp","href":"https:\/\/api.w.org\/{rel}","templated":true}]}}